{"id":376,"date":"2025-10-14T20:27:29","date_gmt":"2025-10-14T17:27:29","guid":{"rendered":"https:\/\/tipptopppuhastus.ee\/test16\/?page_id=376"},"modified":"2025-10-22T16:12:26","modified_gmt":"2025-10-22T13:12:26","slug":"pealeht","status":"publish","type":"page","link":"https:\/\/tipptopppuhastus.ee\/test16\/","title":{"rendered":"Pealeht"},"content":{"rendered":"\t\t<div data-elementor-type=\"wp-page\" data-elementor-id=\"376\" class=\"elementor elementor-376\">\n\t\t\t\t<div class=\"elementor-element elementor-element-39463a7 e-flex e-con-boxed e-con e-parent\" data-id=\"39463a7\" data-element_type=\"container\" data-e-type=\"container\">\n\t\t\t\t\t<div class=\"e-con-inner\">\n\t\t\t\t<div class=\"elementor-element elementor-element-273a3bc elementor-widget elementor-widget-heading\" data-id=\"273a3bc\" data-element_type=\"widget\" data-e-type=\"widget\" data-widget_type=\"heading.default\">\n\t\t\t\t\t<h2 class=\"elementor-heading-title elementor-size-default\">Avastage professionaalsus ja usaldusv\u00e4\u00e4rsus.<\/h2>\t\t\t\t<\/div>\n\t\t\t\t<div class=\"elementor-element elementor-element-d1db7b7 elementor-widget elementor-widget-text-editor\" data-id=\"d1db7b7\" data-element_type=\"widget\" data-e-type=\"widget\" data-widget_type=\"text-editor.default\">\n\t\t\t\t\t\t\t\t\t<p>Pakume kvaliteetset m\u00f6\u00f6bli keemilist puhastust ja puhastusteenust, mis hoiab teie kodu v\u00f5i kontori puhtana ja mugavana.<\/p>\t\t\t\t\t\t\t\t<\/div>\n\t\t\t\t\t<\/div>\n\t\t\t\t<\/div>\n\t\t<div class=\"elementor-element elementor-element-5aa3c5a e-flex e-con-boxed e-con e-parent\" data-id=\"5aa3c5a\" data-element_type=\"container\" data-e-type=\"container\">\n\t\t\t\t\t<div class=\"e-con-inner\">\n\t\t<div class=\"elementor-element elementor-element-f2969ff e-con-full e-flex e-con e-child\" data-id=\"f2969ff\" data-element_type=\"container\" data-e-type=\"container\">\n\t\t\t\t<div class=\"elementor-element elementor-element-4008a96 elementor-widget elementor-widget-heading\" data-id=\"4008a96\" data-element_type=\"widget\" data-e-type=\"widget\" data-widget_type=\"heading.default\">\n\t\t\t\t\t<h2 class=\"elementor-heading-title elementor-size-default\">Professionaalne m\u00f6\u00f6bli keemiline puhastus<\/h2>\t\t\t\t<\/div>\n\t\t\t\t<div class=\"elementor-element elementor-element-852fa13 elementor-widget elementor-widget-text-editor\" data-id=\"852fa13\" data-element_type=\"widget\" data-e-type=\"widget\" data-widget_type=\"text-editor.default\">\n\t\t\t\t\t\t\t\t\t<p>Polsterdatud m\u00f6\u00f6bli s\u00fcgavpuhastus ohutute toodetega, mis toob tagasi v\u00e4rskuse ja pikendab teie m\u00f6\u00f6bli eluiga.<\/p>\t\t\t\t\t\t\t\t<\/div>\n\t\t\t\t<\/div>\n\t\t<div class=\"elementor-element elementor-element-66e5cd9 e-con-full e-flex e-con e-child\" data-id=\"66e5cd9\" data-element_type=\"container\" data-e-type=\"container\">\n\t\t\t\t<div class=\"elementor-element elementor-element-085c8ec elementor-widget elementor-widget-heading\" data-id=\"085c8ec\" data-element_type=\"widget\" data-e-type=\"widget\" data-widget_type=\"heading.default\">\n\t\t\t\t\t<h2 class=\"elementor-heading-title elementor-size-default\">Ruumide p\u00f5hjalik puhastamine<\/h2>\t\t\t\t<\/div>\n\t\t\t\t<div class=\"elementor-element elementor-element-dc64f16 elementor-widget elementor-widget-text-editor\" data-id=\"dc64f16\" data-element_type=\"widget\" data-e-type=\"widget\" data-widget_type=\"text-editor.default\">\n\t\t\t\t\t\t\t\t\t<p>Erinevate ruumide p\u00f5hjalik puhastus, mis tagab teie kodus v\u00f5i kontoris laitmatu korra ja hubasuse.<\/p>\t\t\t\t\t\t\t\t<\/div>\n\t\t\t\t<\/div>\n\t\t<div class=\"elementor-element elementor-element-1d1ca11 e-con-full e-flex e-con e-child\" data-id=\"1d1ca11\" data-element_type=\"container\" data-e-type=\"container\">\n\t\t\t\t<div class=\"elementor-element elementor-element-7c7b78c elementor-widget elementor-widget-heading\" data-id=\"7c7b78c\" data-element_type=\"widget\" data-e-type=\"widget\" data-widget_type=\"heading.default\">\n\t\t\t\t\t<h2 class=\"elementor-heading-title elementor-size-default\">\u00c4rikliendile<\/h2>\t\t\t\t<\/div>\n\t\t\t\t<div class=\"elementor-element elementor-element-713fad3 elementor-widget elementor-widget-text-editor\" data-id=\"713fad3\" data-element_type=\"widget\" data-e-type=\"widget\" data-widget_type=\"text-editor.default\">\n\t\t\t\t\t\t\t\t\t<p>Personaalne l\u00e4henemine \u00e4riklientidele, v\u00f5ttes arvesse k\u00f5iki n\u00f5udeid ja t\u00e4htaegu, tagades kvaliteetsed ja usaldusv\u00e4\u00e4rsed teenused.<\/p>\t\t\t\t\t\t\t\t<\/div>\n\t\t\t\t<\/div>\n\t\t\t\t\t<\/div>\n\t\t\t\t<\/div>\n\t\t<div class=\"elementor-element elementor-element-e426f57 e-flex e-con-boxed e-con e-parent\" data-id=\"e426f57\" data-element_type=\"container\" data-e-type=\"container\">\n\t\t\t\t\t<div class=\"e-con-inner\">\n\t\t<div class=\"elementor-element elementor-element-5d07dbe e-con-full e-flex e-con e-child\" data-id=\"5d07dbe\" data-element_type=\"container\" data-e-type=\"container\">\n\t\t\t\t<div class=\"elementor-element elementor-element-3a33d4b elementor-widget elementor-widget-image\" data-id=\"3a33d4b\" data-element_type=\"widget\" data-e-type=\"widget\" data-widget_type=\"image.default\">\n\t\t\t\t\t\t\t\t\t\t\t\t\t\t\t<img fetchpriority=\"high\" decoding=\"async\" width=\"1024\" height=\"587\" src=\"https:\/\/tipptopppuhastus.ee\/test16\/wp-content\/uploads\/2025\/10\/photo-1740657254989-42fe9c3b8cce-1024x587.avif\" class=\"attachment-large size-large wp-image-392\" alt=\"\" srcset=\"https:\/\/tipptopppuhastus.ee\/test16\/wp-content\/uploads\/2025\/10\/photo-1740657254989-42fe9c3b8cce-1024x587.avif 1024w, https:\/\/tipptopppuhastus.ee\/test16\/wp-content\/uploads\/2025\/10\/photo-1740657254989-42fe9c3b8cce-300x172.avif 300w, https:\/\/tipptopppuhastus.ee\/test16\/wp-content\/uploads\/2025\/10\/photo-1740657254989-42fe9c3b8cce-768x440.avif 768w, https:\/\/tipptopppuhastus.ee\/test16\/wp-content\/uploads\/2025\/10\/photo-1740657254989-42fe9c3b8cce.avif 1280w\" sizes=\"(max-width: 1024px) 100vw, 1024px\" \/>\t\t\t\t\t\t\t\t\t\t\t\t\t\t\t<\/div>\n\t\t\t\t<\/div>\n\t\t<div class=\"elementor-element elementor-element-beaf740 e-con-full e-flex e-con e-child\" data-id=\"beaf740\" data-element_type=\"container\" data-e-type=\"container\">\n\t\t\t\t<div class=\"elementor-element elementor-element-05bc0dc elementor-widget elementor-widget-heading\" data-id=\"05bc0dc\" data-element_type=\"widget\" data-e-type=\"widget\" data-widget_type=\"heading.default\">\n\t\t\t\t\t<h2 class=\"elementor-heading-title elementor-size-default\">Valige Tipp-Topp Puhastus puhtuse ja mugavuse tagamiseks.<\/h2>\t\t\t\t<\/div>\n\t\t\t\t<div class=\"elementor-element elementor-element-4a57535 elementor-widget elementor-widget-text-editor\" data-id=\"4a57535\" data-element_type=\"widget\" data-e-type=\"widget\" data-widget_type=\"text-editor.default\">\n\t\t\t\t\t\t\t\t\t<p>Avastage professionaalne keemiline puhastus ja koristusteenus koos kvaliteedi ja kiiruse garantiiga.<\/p>\t\t\t\t\t\t\t\t<\/div>\n\t\t\t\t<\/div>\n\t\t\t\t\t<\/div>\n\t\t\t\t<\/div>\n\t\t\t\t<\/div>\n\t\t","protected":false},"excerpt":{"rendered":"<p>Avastage professionaalsus ja usaldusv\u00e4\u00e4rsus. Pakume kvaliteetset m\u00f6\u00f6bli keemilist puhastust ja puhastusteenust, mis hoiab teie kodu v\u00f5i kontori puhtana ja mugavana. [&hellip;]<\/p>\n","protected":false},"author":1,"featured_media":0,"parent":0,"menu_order":0,"comment_status":"closed","ping_status":"closed","template":"","meta":{"site-sidebar-layout":"default","site-content-layout":"","ast-site-content-layout":"default","site-content-style":"default","site-sidebar-style":"default","ast-global-header-display":"","ast-banner-title-visibility":"","ast-main-header-display":"","ast-hfb-above-header-display":"","ast-hfb-below-header-display":"","ast-hfb-mobile-header-display":"","site-post-title":"disabled","ast-breadcrumbs-content":"","ast-featured-img":"","footer-sml-layout":"","ast-disable-related-posts":"","theme-transparent-header-meta":"","adv-header-id-meta":"","stick-header-meta":"","header-above-stick-meta":"","header-main-stick-meta":"","header-below-stick-meta":"","astra-migrate-meta-layouts":"default","ast-page-background-enabled":"default","ast-page-background-meta":{"desktop":{"background-color":"var(--ast-global-color-5)","background-image":"","background-repeat":"repeat","background-position":"center center","background-size":"auto","background-attachment":"scroll","background-type":"","background-media":"","overlay-type":"","overlay-color":"","overlay-opacity":"","overlay-gradient":""},"tablet":{"background-color":"","background-image":"","background-repeat":"repeat","background-position":"center center","background-size":"auto","background-attachment":"scroll","background-type":"","background-media":"","overlay-type":"","overlay-color":"","overlay-opacity":"","overlay-gradient":""},"mobile":{"background-color":"","background-image":"","background-repeat":"repeat","background-position":"center center","background-size":"auto","background-attachment":"scroll","background-type":"","background-media":"","overlay-type":"","overlay-color":"","overlay-opacity":"","overlay-gradient":""}},"ast-content-background-meta":{"desktop":{"background-color":"var(--ast-global-color-4)","background-image":"","background-repeat":"repeat","background-position":"center center","background-size":"auto","background-attachment":"scroll","background-type":"","background-media":"","overlay-type":"","overlay-color":"","overlay-opacity":"","overlay-gradient":""},"tablet":{"background-color":"var(--ast-global-color-4)","background-image":"","background-repeat":"repeat","background-position":"center center","background-size":"auto","background-attachment":"scroll","background-type":"","background-media":"","overlay-type":"","overlay-color":"","overlay-opacity":"","overlay-gradient":""},"mobile":{"background-color":"var(--ast-global-color-4)","background-image":"","background-repeat":"repeat","background-position":"center center","background-size":"auto","background-attachment":"scroll","background-type":"","background-media":"","overlay-type":"","overlay-color":"","overlay-opacity":"","overlay-gradient":""}},"footnotes":""},"class_list":["post-376","page","type-page","status-publish","hentry"],"aioseo_notices":[],"jetpack_sharing_enabled":true,"_links":{"self":[{"href":"https:\/\/tipptopppuhastus.ee\/test16\/wp-json\/wp\/v2\/pages\/376","targetHints":{"allow":["GET"]}}],"collection":[{"href":"https:\/\/tipptopppuhastus.ee\/test16\/wp-json\/wp\/v2\/pages"}],"about":[{"href":"https:\/\/tipptopppuhastus.ee\/test16\/wp-json\/wp\/v2\/types\/page"}],"author":[{"embeddable":true,"href":"https:\/\/tipptopppuhastus.ee\/test16\/wp-json\/wp\/v2\/users\/1"}],"replies":[{"embeddable":true,"href":"https:\/\/tipptopppuhastus.ee\/test16\/wp-json\/wp\/v2\/comments?post=376"}],"version-history":[{"count":29,"href":"https:\/\/tipptopppuhastus.ee\/test16\/wp-json\/wp\/v2\/pages\/376\/revisions"}],"predecessor-version":[{"id":618,"href":"https:\/\/tipptopppuhastus.ee\/test16\/wp-json\/wp\/v2\/pages\/376\/revisions\/618"}],"wp:attachment":[{"href":"https:\/\/tipptopppuhastus.ee\/test16\/wp-json\/wp\/v2\/media?parent=376"}],"curies":[{"name":"wp","href":"https:\/\/api.w.org\/{rel}","templated":true}]}}