{"id":259,"date":"2025-10-12T18:11:08","date_gmt":"2025-10-12T15:11:08","guid":{"rendered":"https:\/\/tipptopppuhastus.ee\/test16\/?page_id=259"},"modified":"2025-10-22T11:25:57","modified_gmt":"2025-10-22T08:25:57","slug":"uldpuhastus","status":"publish","type":"page","link":"https:\/\/tipptopppuhastus.ee\/test16\/uldpuhastus\/","title":{"rendered":"\u00dcldpuhastus"},"content":{"rendered":"\t\t<div data-elementor-type=\"wp-page\" data-elementor-id=\"259\" class=\"elementor elementor-259\">\n\t\t\t\t<div class=\"elementor-element elementor-element-378927b e-flex e-con-boxed e-con e-parent\" data-id=\"378927b\" data-element_type=\"container\" data-e-type=\"container\" data-settings=\"{&quot;background_background&quot;:&quot;classic&quot;}\">\n\t\t\t\t\t<div class=\"e-con-inner\">\n\t\t\t\t<div class=\"elementor-element elementor-element-eb939d6 elementor-widget elementor-widget-heading\" data-id=\"eb939d6\" data-element_type=\"widget\" data-e-type=\"widget\" data-widget_type=\"heading.default\">\n\t\t\t\t\t<h2 class=\"elementor-heading-title elementor-size-default\">Tipp-Topp Puhastuse professionaalsed puhastusteenused<\/h2>\t\t\t\t<\/div>\n\t\t\t\t\t<\/div>\n\t\t\t\t<\/div>\n\t\t<div class=\"elementor-element elementor-element-922b91a e-flex e-con-boxed e-con e-parent\" data-id=\"922b91a\" data-element_type=\"container\" data-e-type=\"container\" data-settings=\"{&quot;background_background&quot;:&quot;classic&quot;}\">\n\t\t\t\t\t<div class=\"e-con-inner\">\n\t\t\t\t<div class=\"elementor-element elementor-element-cc37e67 elementor-widget elementor-widget-text-editor\" data-id=\"cc37e67\" data-element_type=\"widget\" data-e-type=\"widget\" data-widget_type=\"text-editor.default\">\n\t\t\t\t\t\t\t\t\t<p>Pakume laia valikut puhastusteenuseid, tagades k\u00f5rge kvaliteedi ja kliendi t\u00e4ieliku rahulolu.<\/p>\t\t\t\t\t\t\t\t<\/div>\n\t\t\t\t\t<\/div>\n\t\t\t\t<\/div>\n\t\t<div class=\"elementor-element elementor-element-cd347ba e-flex e-con-boxed e-con e-parent\" data-id=\"cd347ba\" data-element_type=\"container\" data-e-type=\"container\">\n\t\t\t\t\t<div class=\"e-con-inner\">\n\t\t<div class=\"elementor-element elementor-element-0ed07e3 e-con-full e-flex e-con e-child\" data-id=\"0ed07e3\" data-element_type=\"container\" data-e-type=\"container\">\n\t\t\t\t<div class=\"elementor-element elementor-element-6cdf292 elementor-widget elementor-widget-heading\" data-id=\"6cdf292\" data-element_type=\"widget\" data-e-type=\"widget\" data-widget_type=\"heading.default\">\n\t\t\t\t\t<h2 class=\"elementor-heading-title elementor-size-default\">Kontori puhastamine<\/h2>\t\t\t\t<\/div>\n\t\t\t\t<div class=\"elementor-element elementor-element-fab087a elementor-widget elementor-widget-text-editor\" data-id=\"fab087a\" data-element_type=\"widget\" data-e-type=\"widget\" data-widget_type=\"text-editor.default\">\n\t\t\t\t\t\t\t\t\t<p>Tagada oma t\u00f6\u00f6ruumis laitmatu puhtus ja mugavus.<\/p>\t\t\t\t\t\t\t\t<\/div>\n\t\t<div class=\"elementor-element elementor-element-1f1a088 e-con-full e-flex e-con e-child\" data-id=\"1f1a088\" data-element_type=\"container\" data-e-type=\"container\">\n\t\t\t\t<div class=\"elementor-element elementor-element-32a62ae elementor-widget elementor-widget-image\" data-id=\"32a62ae\" data-element_type=\"widget\" data-e-type=\"widget\" data-widget_type=\"image.default\">\n\t\t\t\t\t\t\t\t\t\t\t\t\t\t\t<img fetchpriority=\"high\" decoding=\"async\" width=\"1024\" height=\"683\" src=\"https:\/\/tipptopppuhastus.ee\/test16\/wp-content\/uploads\/2025\/10\/u5287494719_ofice_cleaning_-chaos_10_-ar_32_-raw_-stylize_99c7eaa7-0186-42f5-98e8-ac4046e819cd_0-1024x683.png\" class=\"attachment-large size-large wp-image-276\" alt=\"\" srcset=\"https:\/\/tipptopppuhastus.ee\/test16\/wp-content\/uploads\/2025\/10\/u5287494719_ofice_cleaning_-chaos_10_-ar_32_-raw_-stylize_99c7eaa7-0186-42f5-98e8-ac4046e819cd_0-1024x683.png 1024w, https:\/\/tipptopppuhastus.ee\/test16\/wp-content\/uploads\/2025\/10\/u5287494719_ofice_cleaning_-chaos_10_-ar_32_-raw_-stylize_99c7eaa7-0186-42f5-98e8-ac4046e819cd_0-300x200.png 300w, https:\/\/tipptopppuhastus.ee\/test16\/wp-content\/uploads\/2025\/10\/u5287494719_ofice_cleaning_-chaos_10_-ar_32_-raw_-stylize_99c7eaa7-0186-42f5-98e8-ac4046e819cd_0-768x512.png 768w, https:\/\/tipptopppuhastus.ee\/test16\/wp-content\/uploads\/2025\/10\/u5287494719_ofice_cleaning_-chaos_10_-ar_32_-raw_-stylize_99c7eaa7-0186-42f5-98e8-ac4046e819cd_0.png 1344w\" sizes=\"(max-width: 1024px) 100vw, 1024px\" \/>\t\t\t\t\t\t\t\t\t\t\t\t\t\t\t<\/div>\n\t\t\t\t<\/div>\n\t\t\t\t<\/div>\n\t\t<div class=\"elementor-element elementor-element-10a9d5f e-con-full e-flex e-con e-child\" data-id=\"10a9d5f\" data-element_type=\"container\" data-e-type=\"container\">\n\t\t\t\t<div class=\"elementor-element elementor-element-79ba24c elementor-widget elementor-widget-heading\" data-id=\"79ba24c\" data-element_type=\"widget\" data-e-type=\"widget\" data-widget_type=\"heading.default\">\n\t\t\t\t\t<h2 class=\"elementor-heading-title elementor-size-default\">Vannitoa puhastamine<\/h2>\t\t\t\t<\/div>\n\t\t\t\t<div class=\"elementor-element elementor-element-7927579 elementor-widget elementor-widget-text-editor\" data-id=\"7927579\" data-element_type=\"widget\" data-e-type=\"widget\" data-widget_type=\"text-editor.default\">\n\t\t\t\t\t\t\t\t\t<p>Personaalne l\u00e4henemine puhta ja h\u00fcgieenilise vannitoa keskkonna loomiseks.<\/p>\t\t\t\t\t\t\t\t<\/div>\n\t\t<div class=\"elementor-element elementor-element-a97bf43 e-con-full e-flex e-con e-child\" data-id=\"a97bf43\" data-element_type=\"container\" data-e-type=\"container\">\n\t\t\t\t<div class=\"elementor-element elementor-element-9cbe5fd elementor-widget elementor-widget-image\" data-id=\"9cbe5fd\" data-element_type=\"widget\" data-e-type=\"widget\" data-widget_type=\"image.default\">\n\t\t\t\t\t\t\t\t\t\t\t\t\t\t\t<img decoding=\"async\" width=\"1024\" height=\"683\" src=\"https:\/\/tipptopppuhastus.ee\/test16\/wp-content\/uploads\/2025\/10\/u5287494719_bathroom_cleaning_-chaos_10_-ar_32_-raw_-styl_266c9c06-5c42-45fd-bcbf-85fe23a71749_3-1024x683.png\" class=\"attachment-large size-large wp-image-277\" alt=\"\" srcset=\"https:\/\/tipptopppuhastus.ee\/test16\/wp-content\/uploads\/2025\/10\/u5287494719_bathroom_cleaning_-chaos_10_-ar_32_-raw_-styl_266c9c06-5c42-45fd-bcbf-85fe23a71749_3-1024x683.png 1024w, https:\/\/tipptopppuhastus.ee\/test16\/wp-content\/uploads\/2025\/10\/u5287494719_bathroom_cleaning_-chaos_10_-ar_32_-raw_-styl_266c9c06-5c42-45fd-bcbf-85fe23a71749_3-300x200.png 300w, https:\/\/tipptopppuhastus.ee\/test16\/wp-content\/uploads\/2025\/10\/u5287494719_bathroom_cleaning_-chaos_10_-ar_32_-raw_-styl_266c9c06-5c42-45fd-bcbf-85fe23a71749_3-768x512.png 768w, https:\/\/tipptopppuhastus.ee\/test16\/wp-content\/uploads\/2025\/10\/u5287494719_bathroom_cleaning_-chaos_10_-ar_32_-raw_-styl_266c9c06-5c42-45fd-bcbf-85fe23a71749_3.png 1344w\" sizes=\"(max-width: 1024px) 100vw, 1024px\" \/>\t\t\t\t\t\t\t\t\t\t\t\t\t\t\t<\/div>\n\t\t\t\t<\/div>\n\t\t\t\t<\/div>\n\t\t<div class=\"elementor-element elementor-element-9279630 e-con-full e-flex e-con e-child\" data-id=\"9279630\" data-element_type=\"container\" data-e-type=\"container\">\n\t\t\t\t<div class=\"elementor-element elementor-element-44d3d84 elementor-widget elementor-widget-heading\" data-id=\"44d3d84\" data-element_type=\"widget\" data-e-type=\"widget\" data-widget_type=\"heading.default\">\n\t\t\t\t\t<h2 class=\"elementor-heading-title elementor-size-default\">Majapidamine<\/h2>\t\t\t\t<\/div>\n\t\t\t\t<div class=\"elementor-element elementor-element-4836909 elementor-widget elementor-widget-text-editor\" data-id=\"4836909\" data-element_type=\"widget\" data-e-type=\"widget\" data-widget_type=\"text-editor.default\">\n\t\t\t\t\t\t\t\t\t<p>T\u00f5hus lahendus oma kodu hubasena ja puhtana hoidmiseks.<\/p>\t\t\t\t\t\t\t\t<\/div>\n\t\t<div class=\"elementor-element elementor-element-ae0522c e-con-full e-flex e-con e-child\" data-id=\"ae0522c\" data-element_type=\"container\" data-e-type=\"container\">\n\t\t\t\t<div class=\"elementor-element elementor-element-4486e1e elementor-widget elementor-widget-image\" data-id=\"4486e1e\" data-element_type=\"widget\" data-e-type=\"widget\" data-widget_type=\"image.default\">\n\t\t\t\t\t\t\t\t\t\t\t\t\t\t\t<img decoding=\"async\" width=\"1024\" height=\"683\" src=\"https:\/\/tipptopppuhastus.ee\/test16\/wp-content\/uploads\/2025\/10\/u5287494719_house_cleaning_realistic_-ar_32_-raw_-stylize__9d168d5e-96ae-4b8b-87ab-11c602a0b347_2-1024x683.png\" class=\"attachment-large size-large wp-image-278\" alt=\"\" srcset=\"https:\/\/tipptopppuhastus.ee\/test16\/wp-content\/uploads\/2025\/10\/u5287494719_house_cleaning_realistic_-ar_32_-raw_-stylize__9d168d5e-96ae-4b8b-87ab-11c602a0b347_2-1024x683.png 1024w, https:\/\/tipptopppuhastus.ee\/test16\/wp-content\/uploads\/2025\/10\/u5287494719_house_cleaning_realistic_-ar_32_-raw_-stylize__9d168d5e-96ae-4b8b-87ab-11c602a0b347_2-300x200.png 300w, https:\/\/tipptopppuhastus.ee\/test16\/wp-content\/uploads\/2025\/10\/u5287494719_house_cleaning_realistic_-ar_32_-raw_-stylize__9d168d5e-96ae-4b8b-87ab-11c602a0b347_2-768x512.png 768w, https:\/\/tipptopppuhastus.ee\/test16\/wp-content\/uploads\/2025\/10\/u5287494719_house_cleaning_realistic_-ar_32_-raw_-stylize__9d168d5e-96ae-4b8b-87ab-11c602a0b347_2.png 1344w\" sizes=\"(max-width: 1024px) 100vw, 1024px\" \/>\t\t\t\t\t\t\t\t\t\t\t\t\t\t\t<\/div>\n\t\t\t\t<\/div>\n\t\t\t\t<\/div>\n\t\t\t\t\t<\/div>\n\t\t\t\t<\/div>\n\t\t<div class=\"elementor-element elementor-element-31a5c1c e-flex e-con-boxed e-con e-parent\" data-id=\"31a5c1c\" data-element_type=\"container\" data-e-type=\"container\" data-settings=\"{&quot;background_background&quot;:&quot;classic&quot;}\">\n\t\t\t\t\t<div class=\"e-con-inner\">\n\t\t<div class=\"elementor-element elementor-element-97b9fee e-con-full e-flex e-con e-child\" data-id=\"97b9fee\" data-element_type=\"container\" data-e-type=\"container\">\n\t\t\t\t<div class=\"elementor-element elementor-element-952c022 elementor-widget elementor-widget-heading\" data-id=\"952c022\" data-element_type=\"widget\" data-e-type=\"widget\" data-widget_type=\"heading.default\">\n\t\t\t\t\t<h2 class=\"elementor-heading-title elementor-size-default\">1<\/h2>\t\t\t\t<\/div>\n\t\t\t\t<div class=\"elementor-element elementor-element-bc331f8 elementor-widget elementor-widget-heading\" data-id=\"bc331f8\" data-element_type=\"widget\" data-e-type=\"widget\" data-widget_type=\"heading.default\">\n\t\t\t\t\t<h2 class=\"elementor-heading-title elementor-size-default\">Esimene samm: puhastamise taotlus<\/h2>\t\t\t\t<\/div>\n\t\t\t\t<div class=\"elementor-element elementor-element-1f88769 elementor-widget elementor-widget-text-editor\" data-id=\"1f88769\" data-element_type=\"widget\" data-e-type=\"widget\" data-widget_type=\"text-editor.default\">\n\t\t\t\t\t\t\t\t\t<p>V\u00f5tke meiega \u00fchendust, et saaksime koostada personaalse hinnapakkumise ja puhastusplaani.<\/p>\t\t\t\t\t\t\t\t<\/div>\n\t\t\t\t<\/div>\n\t\t<div class=\"elementor-element elementor-element-c70a3f3 e-con-full e-flex e-con e-child\" data-id=\"c70a3f3\" data-element_type=\"container\" data-e-type=\"container\">\n\t\t\t\t<div class=\"elementor-element elementor-element-d6808ab elementor-widget elementor-widget-heading\" data-id=\"d6808ab\" data-element_type=\"widget\" data-e-type=\"widget\" data-widget_type=\"heading.default\">\n\t\t\t\t\t<h2 class=\"elementor-heading-title elementor-size-default\">2<\/h2>\t\t\t\t<\/div>\n\t\t\t\t<div class=\"elementor-element elementor-element-d0f59b6 elementor-widget elementor-widget-heading\" data-id=\"d0f59b6\" data-element_type=\"widget\" data-e-type=\"widget\" data-widget_type=\"heading.default\">\n\t\t\t\t\t<h2 class=\"elementor-heading-title elementor-size-default\">Teine samm: Viime l\u00e4bi puhastamine<\/h2>\t\t\t\t<\/div>\n\t\t\t\t<div class=\"elementor-element elementor-element-98c15cc elementor-widget elementor-widget-text-editor\" data-id=\"98c15cc\" data-element_type=\"widget\" data-e-type=\"widget\" data-widget_type=\"text-editor.default\">\n\t\t\t\t\t\t\t\t\t<p>Meie spetsialistid teostavad professionaalset puhastust, kasutades kvaliteetseid tooteid ja seadmeid.<\/p>\t\t\t\t\t\t\t\t<\/div>\n\t\t\t\t<\/div>\n\t\t<div class=\"elementor-element elementor-element-a05f71e e-con-full e-flex e-con e-child\" data-id=\"a05f71e\" data-element_type=\"container\" data-e-type=\"container\">\n\t\t\t\t<div class=\"elementor-element elementor-element-e32ed15 elementor-widget elementor-widget-heading\" data-id=\"e32ed15\" data-element_type=\"widget\" data-e-type=\"widget\" data-widget_type=\"heading.default\">\n\t\t\t\t\t<h2 class=\"elementor-heading-title elementor-size-default\">3<\/h2>\t\t\t\t<\/div>\n\t\t\t\t<div class=\"elementor-element elementor-element-c3f4fa7 elementor-widget elementor-widget-heading\" data-id=\"c3f4fa7\" data-element_type=\"widget\" data-e-type=\"widget\" data-widget_type=\"heading.default\">\n\t\t\t\t\t<h2 class=\"elementor-heading-title elementor-size-default\">Kolmas samm: kvaliteedikontroll<\/h2>\t\t\t\t<\/div>\n\t\t\t\t<div class=\"elementor-element elementor-element-f36620e elementor-widget elementor-widget-text-editor\" data-id=\"f36620e\" data-element_type=\"widget\" data-e-type=\"widget\" data-widget_type=\"text-editor.default\">\n\t\t\t\t\t\t\t\t\t<p>Tulemuse kontrollimine ja vajaduse korral t\u00e4iendav t\u00f6\u00f6tlemine, et tagada t\u00e4ielik vastavus standarditele.<\/p>\t\t\t\t\t\t\t\t<\/div>\n\t\t\t\t<\/div>\n\t\t\t\t\t<\/div>\n\t\t\t\t<\/div>\n\t\t<div class=\"elementor-element elementor-element-ad1ad40 e-flex e-con-boxed e-con e-parent\" data-id=\"ad1ad40\" data-element_type=\"container\" data-e-type=\"container\">\n\t\t\t\t\t<div class=\"e-con-inner\">\n\t\t<div class=\"elementor-element elementor-element-7308a39 e-con-full e-flex e-con e-child\" data-id=\"7308a39\" data-element_type=\"container\" data-e-type=\"container\">\n\t\t\t\t<div class=\"elementor-element elementor-element-a64f94b elementor-widget elementor-widget-image\" data-id=\"a64f94b\" data-element_type=\"widget\" data-e-type=\"widget\" data-widget_type=\"image.default\">\n\t\t\t\t\t\t\t\t\t\t\t\t\t\t\t<img loading=\"lazy\" decoding=\"async\" width=\"1024\" height=\"683\" src=\"https:\/\/tipptopppuhastus.ee\/test16\/wp-content\/uploads\/2025\/10\/u5287494719_house_cleaning_-chaos_10_-ar_32_-raw_-stylize_b9142c43-c452-40cc-8ae0-d334960b2ee9_3-1024x683.png\" class=\"attachment-large size-large wp-image-286\" alt=\"\" srcset=\"https:\/\/tipptopppuhastus.ee\/test16\/wp-content\/uploads\/2025\/10\/u5287494719_house_cleaning_-chaos_10_-ar_32_-raw_-stylize_b9142c43-c452-40cc-8ae0-d334960b2ee9_3-1024x683.png 1024w, https:\/\/tipptopppuhastus.ee\/test16\/wp-content\/uploads\/2025\/10\/u5287494719_house_cleaning_-chaos_10_-ar_32_-raw_-stylize_b9142c43-c452-40cc-8ae0-d334960b2ee9_3-300x200.png 300w, https:\/\/tipptopppuhastus.ee\/test16\/wp-content\/uploads\/2025\/10\/u5287494719_house_cleaning_-chaos_10_-ar_32_-raw_-stylize_b9142c43-c452-40cc-8ae0-d334960b2ee9_3-768x512.png 768w, https:\/\/tipptopppuhastus.ee\/test16\/wp-content\/uploads\/2025\/10\/u5287494719_house_cleaning_-chaos_10_-ar_32_-raw_-stylize_b9142c43-c452-40cc-8ae0-d334960b2ee9_3.png 1344w\" sizes=\"(max-width: 1024px) 100vw, 1024px\" \/>\t\t\t\t\t\t\t\t\t\t\t\t\t\t\t<\/div>\n\t\t\t\t<\/div>\n\t\t<div class=\"elementor-element elementor-element-b3acbed e-con-full e-flex e-con e-child\" data-id=\"b3acbed\" data-element_type=\"container\" data-e-type=\"container\">\n\t\t\t\t<div class=\"elementor-element elementor-element-237f4e3 elementor-widget elementor-widget-heading\" data-id=\"237f4e3\" data-element_type=\"widget\" data-e-type=\"widget\" data-widget_type=\"heading.default\">\n\t\t\t\t\t<h2 class=\"elementor-heading-title elementor-size-default\">Broneerige puhastusteenus professionaalidega juba t\u00e4na.<\/h2>\t\t\t\t<\/div>\n\t\t\t\t<div class=\"elementor-element elementor-element-19c73a6 elementor-widget elementor-widget-text-editor\" data-id=\"19c73a6\" data-element_type=\"widget\" data-e-type=\"widget\" data-widget_type=\"text-editor.default\">\n\t\t\t\t\t\t\t\t\t<p>Avastage laitmatu puhtuse ja mugavuse eelised Tipp-Topp Puhastus.<\/p>\t\t\t\t\t\t\t\t<\/div>\n\t\t\t\t<div class=\"elementor-element elementor-element-65f93cf elementor-align-center elementor-widget elementor-widget-button\" data-id=\"65f93cf\" data-element_type=\"widget\" data-e-type=\"widget\" data-widget_type=\"button.default\">\n\t\t\t\t\t\t\t\t\t\t<a class=\"elementor-button elementor-button-link elementor-size-sm\" href=\"https:\/\/tipptopppuhastus.ee\/test16\/test16\/test\/kontakt\/\" target=\"_blank\">\n\t\t\t\t\t\t<span class=\"elementor-button-content-wrapper\">\n\t\t\t\t\t\t\t\t\t<span class=\"elementor-button-text\">Telli n\u00fc\u00fcd<\/span>\n\t\t\t\t\t<\/span>\n\t\t\t\t\t<\/a>\n\t\t\t\t\t\t\t\t<\/div>\n\t\t\t\t<\/div>\n\t\t\t\t\t<\/div>\n\t\t\t\t<\/div>\n\t\t\t\t<\/div>\n\t\t","protected":false},"excerpt":{"rendered":"<p>Tipp-Topp Puhastuse professionaalsed puhastusteenused Pakume laia valikut puhastusteenuseid, tagades k\u00f5rge kvaliteedi ja kliendi t\u00e4ieliku rahulolu. Kontori puhastamine Tagada oma t\u00f6\u00f6ruumis [&hellip;]<\/p>\n","protected":false},"author":1,"featured_media":0,"parent":0,"menu_order":0,"comment_status":"closed","ping_status":"closed","template":"","meta":{"site-sidebar-layout":"default","site-content-layout":"","ast-site-content-layout":"default","site-content-style":"default","site-sidebar-style":"default","ast-global-header-display":"","ast-banner-title-visibility":"","ast-main-header-display":"","ast-hfb-above-header-display":"","ast-hfb-below-header-display":"","ast-hfb-mobile-header-display":"","site-post-title":"disabled","ast-breadcrumbs-content":"","ast-featured-img":"","footer-sml-layout":"","ast-disable-related-posts":"","theme-transparent-header-meta":"","adv-header-id-meta":"","stick-header-meta":"","header-above-stick-meta":"","header-main-stick-meta":"","header-below-stick-meta":"","astra-migrate-meta-layouts":"default","ast-page-background-enabled":"default","ast-page-background-meta":{"desktop":{"background-color":"var(--ast-global-color-5)","background-image":"","background-repeat":"repeat","background-position":"center center","background-size":"auto","background-attachment":"scroll","background-type":"","background-media":"","overlay-type":"","overlay-color":"","overlay-opacity":"","overlay-gradient":""},"tablet":{"background-color":"","background-image":"","background-repeat":"repeat","background-position":"center center","background-size":"auto","background-attachment":"scroll","background-type":"","background-media":"","overlay-type":"","overlay-color":"","overlay-opacity":"","overlay-gradient":""},"mobile":{"background-color":"","background-image":"","background-repeat":"repeat","background-position":"center center","background-size":"auto","background-attachment":"scroll","background-type":"","background-media":"","overlay-type":"","overlay-color":"","overlay-opacity":"","overlay-gradient":""}},"ast-content-background-meta":{"desktop":{"background-color":"var(--ast-global-color-4)","background-image":"","background-repeat":"repeat","background-position":"center center","background-size":"auto","background-attachment":"scroll","background-type":"","background-media":"","overlay-type":"","overlay-color":"","overlay-opacity":"","overlay-gradient":""},"tablet":{"background-color":"var(--ast-global-color-4)","background-image":"","background-repeat":"repeat","background-position":"center center","background-size":"auto","background-attachment":"scroll","background-type":"","background-media":"","overlay-type":"","overlay-color":"","overlay-opacity":"","overlay-gradient":""},"mobile":{"background-color":"var(--ast-global-color-4)","background-image":"","background-repeat":"repeat","background-position":"center center","background-size":"auto","background-attachment":"scroll","background-type":"","background-media":"","overlay-type":"","overlay-color":"","overlay-opacity":"","overlay-gradient":""}},"footnotes":""},"class_list":["post-259","page","type-page","status-publish","hentry"],"aioseo_notices":[],"jetpack_sharing_enabled":true,"_links":{"self":[{"href":"https:\/\/tipptopppuhastus.ee\/test16\/wp-json\/wp\/v2\/pages\/259","targetHints":{"allow":["GET"]}}],"collection":[{"href":"https:\/\/tipptopppuhastus.ee\/test16\/wp-json\/wp\/v2\/pages"}],"about":[{"href":"https:\/\/tipptopppuhastus.ee\/test16\/wp-json\/wp\/v2\/types\/page"}],"author":[{"embeddable":true,"href":"https:\/\/tipptopppuhastus.ee\/test16\/wp-json\/wp\/v2\/users\/1"}],"replies":[{"embeddable":true,"href":"https:\/\/tipptopppuhastus.ee\/test16\/wp-json\/wp\/v2\/comments?post=259"}],"version-history":[{"count":42,"href":"https:\/\/tipptopppuhastus.ee\/test16\/wp-json\/wp\/v2\/pages\/259\/revisions"}],"predecessor-version":[{"id":438,"href":"https:\/\/tipptopppuhastus.ee\/test16\/wp-json\/wp\/v2\/pages\/259\/revisions\/438"}],"wp:attachment":[{"href":"https:\/\/tipptopppuhastus.ee\/test16\/wp-json\/wp\/v2\/media?parent=259"}],"curies":[{"name":"wp","href":"https:\/\/api.w.org\/{rel}","templated":true}]}}