{"id":253,"date":"2025-10-12T17:58:53","date_gmt":"2025-10-12T14:58:53","guid":{"rendered":"https:\/\/tipptopppuhastus.ee\/test16\/?page_id=253"},"modified":"2025-10-26T12:39:33","modified_gmt":"2025-10-26T09:39:33","slug":"teenused","status":"publish","type":"page","link":"https:\/\/tipptopppuhastus.ee\/test16\/teenused\/","title":{"rendered":"teenused"},"content":{"rendered":"\t\t<div data-elementor-type=\"wp-page\" data-elementor-id=\"253\" class=\"elementor elementor-253\">\n\t\t\t\t<div class=\"elementor-element elementor-element-67a8197 e-flex e-con-boxed e-con e-parent\" data-id=\"67a8197\" data-element_type=\"container\" data-e-type=\"container\">\n\t\t\t\t\t<div class=\"e-con-inner\">\n\t\t<div class=\"elementor-element elementor-element-1e7fd71 e-con-full e-flex e-con e-child\" data-id=\"1e7fd71\" data-element_type=\"container\" data-e-type=\"container\">\n\t\t\t\t<div class=\"elementor-element elementor-element-70b2a73 elementor-widget elementor-widget-image\" data-id=\"70b2a73\" data-element_type=\"widget\" data-e-type=\"widget\" data-widget_type=\"image.default\">\n\t\t\t\t\t\t\t\t\t\t\t\t\t\t\t<img fetchpriority=\"high\" decoding=\"async\" width=\"900\" height=\"505\" src=\"https:\/\/tipptopppuhastus.ee\/test16\/wp-content\/uploads\/2025\/09\/900x505_himchistka_mebeli_i_kovrov.jpg\" class=\"attachment-large size-large wp-image-171\" alt=\"\" srcset=\"https:\/\/tipptopppuhastus.ee\/test16\/wp-content\/uploads\/2025\/09\/900x505_himchistka_mebeli_i_kovrov.jpg 900w, https:\/\/tipptopppuhastus.ee\/test16\/wp-content\/uploads\/2025\/09\/900x505_himchistka_mebeli_i_kovrov-300x168.jpg 300w, https:\/\/tipptopppuhastus.ee\/test16\/wp-content\/uploads\/2025\/09\/900x505_himchistka_mebeli_i_kovrov-768x431.jpg 768w\" sizes=\"(max-width: 900px) 100vw, 900px\" \/>\t\t\t\t\t\t\t\t\t\t\t\t\t\t\t<\/div>\n\t\t\t\t<\/div>\n\t\t<div class=\"elementor-element elementor-element-ab562ba e-con-full e-flex e-con e-child\" data-id=\"ab562ba\" data-element_type=\"container\" data-e-type=\"container\">\n\t\t\t\t<div class=\"elementor-element elementor-element-30600fc elementor-widget elementor-widget-text-editor\" data-id=\"30600fc\" data-element_type=\"widget\" data-e-type=\"widget\" data-widget_type=\"text-editor.default\">\n\t\t\t\t\t\t\t\t\t<h2>M\u00f6\u00f6bli puhastus<\/h2>\t\t\t\t\t\t\t\t<\/div>\n\t\t\t\t<div class=\"elementor-element elementor-element-52e650a elementor-align-center elementor-widget elementor-widget-button\" data-id=\"52e650a\" data-element_type=\"widget\" data-e-type=\"widget\" data-widget_type=\"button.default\">\n\t\t\t\t\t\t\t\t\t\t<a class=\"elementor-button elementor-button-link elementor-size-sm\" href=\"https:\/\/tipptopppuhastus.ee\/test16\/test16\/moobli-puhastus\/\">\n\t\t\t\t\t\t<span class=\"elementor-button-content-wrapper\">\n\t\t\t\t\t\t\t\t\t<span class=\"elementor-button-text\">Loe edasi<\/span>\n\t\t\t\t\t<\/span>\n\t\t\t\t\t<\/a>\n\t\t\t\t\t\t\t\t<\/div>\n\t\t\t\t<\/div>\n\t\t\t\t\t<\/div>\n\t\t\t\t<\/div>\n\t\t<div class=\"elementor-element elementor-element-2c49e69 e-flex e-con-boxed e-con e-parent\" data-id=\"2c49e69\" data-element_type=\"container\" data-e-type=\"container\">\n\t\t\t\t\t<div class=\"e-con-inner\">\n\t\t<div class=\"elementor-element elementor-element-b70d05c e-con-full e-flex e-con e-child\" data-id=\"b70d05c\" data-element_type=\"container\" data-e-type=\"container\">\n\t\t\t\t<div class=\"elementor-element elementor-element-310fd1a elementor-widget elementor-widget-image\" data-id=\"310fd1a\" data-element_type=\"widget\" data-e-type=\"widget\" data-widget_type=\"image.default\">\n\t\t\t\t\t\t\t\t\t\t\t\t\t\t\t<img decoding=\"async\" width=\"1024\" height=\"796\" src=\"https:\/\/tipptopppuhastus.ee\/test16\/wp-content\/uploads\/2025\/10\/Firefly_Carpet-Cleaning-Realistic-Picture-with-Professional-Equipment.-936857-1-1024x796.jpg\" class=\"attachment-large size-large wp-image-600\" alt=\"\" srcset=\"https:\/\/tipptopppuhastus.ee\/test16\/wp-content\/uploads\/2025\/10\/Firefly_Carpet-Cleaning-Realistic-Picture-with-Professional-Equipment.-936857-1-1024x796.jpg 1024w, https:\/\/tipptopppuhastus.ee\/test16\/wp-content\/uploads\/2025\/10\/Firefly_Carpet-Cleaning-Realistic-Picture-with-Professional-Equipment.-936857-1-300x233.jpg 300w, https:\/\/tipptopppuhastus.ee\/test16\/wp-content\/uploads\/2025\/10\/Firefly_Carpet-Cleaning-Realistic-Picture-with-Professional-Equipment.-936857-1-768x597.jpg 768w, https:\/\/tipptopppuhastus.ee\/test16\/wp-content\/uploads\/2025\/10\/Firefly_Carpet-Cleaning-Realistic-Picture-with-Professional-Equipment.-936857-1-1536x1195.jpg 1536w, https:\/\/tipptopppuhastus.ee\/test16\/wp-content\/uploads\/2025\/10\/Firefly_Carpet-Cleaning-Realistic-Picture-with-Professional-Equipment.-936857-1-2048x1593.jpg 2048w\" sizes=\"(max-width: 1024px) 100vw, 1024px\" \/>\t\t\t\t\t\t\t\t\t\t\t\t\t\t\t<\/div>\n\t\t\t\t<\/div>\n\t\t<div class=\"elementor-element elementor-element-29189f6 e-con-full e-flex e-con e-child\" data-id=\"29189f6\" data-element_type=\"container\" data-e-type=\"container\">\n\t\t\t\t<div class=\"elementor-element elementor-element-0f22de9 elementor-widget elementor-widget-text-editor\" data-id=\"0f22de9\" data-element_type=\"widget\" data-e-type=\"widget\" data-widget_type=\"text-editor.default\">\n\t\t\t\t\t\t\t\t\t<h2>Vaipade puhastus<\/h2>\t\t\t\t\t\t\t\t<\/div>\n\t\t\t\t<div class=\"elementor-element elementor-element-607e3b4 elementor-align-center elementor-widget elementor-widget-button\" data-id=\"607e3b4\" data-element_type=\"widget\" data-e-type=\"widget\" data-widget_type=\"button.default\">\n\t\t\t\t\t\t\t\t\t\t<a class=\"elementor-button elementor-button-link elementor-size-sm\" href=\"https:\/\/tipptopppuhastus.ee\/test16\/test16\/vaipade-puhastus\/\">\n\t\t\t\t\t\t<span class=\"elementor-button-content-wrapper\">\n\t\t\t\t\t\t\t\t\t<span class=\"elementor-button-text\">Loe edasi<\/span>\n\t\t\t\t\t<\/span>\n\t\t\t\t\t<\/a>\n\t\t\t\t\t\t\t\t<\/div>\n\t\t\t\t<\/div>\n\t\t\t\t\t<\/div>\n\t\t\t\t<\/div>\n\t\t<div class=\"elementor-element elementor-element-76766c3 e-flex e-con-boxed e-con e-parent\" data-id=\"76766c3\" data-element_type=\"container\" data-e-type=\"container\">\n\t\t\t\t\t<div class=\"e-con-inner\">\n\t\t<div class=\"elementor-element elementor-element-07fd2f0 e-con-full e-flex e-con e-child\" data-id=\"07fd2f0\" data-element_type=\"container\" data-e-type=\"container\">\n\t\t\t\t<div class=\"elementor-element elementor-element-0105cce elementor-widget elementor-widget-image\" data-id=\"0105cce\" data-element_type=\"widget\" data-e-type=\"widget\" data-widget_type=\"image.default\">\n\t\t\t\t\t\t\t\t\t\t\t\t\t\t\t<img decoding=\"async\" width=\"1024\" height=\"683\" src=\"https:\/\/tipptopppuhastus.ee\/test16\/wp-content\/uploads\/2025\/10\/u5287494719_house_cleaning_realistic_-ar_32_-raw_-stylize__9d168d5e-96ae-4b8b-87ab-11c602a0b347_2-1024x683.png\" class=\"attachment-large size-large wp-image-278\" alt=\"\" srcset=\"https:\/\/tipptopppuhastus.ee\/test16\/wp-content\/uploads\/2025\/10\/u5287494719_house_cleaning_realistic_-ar_32_-raw_-stylize__9d168d5e-96ae-4b8b-87ab-11c602a0b347_2-1024x683.png 1024w, https:\/\/tipptopppuhastus.ee\/test16\/wp-content\/uploads\/2025\/10\/u5287494719_house_cleaning_realistic_-ar_32_-raw_-stylize__9d168d5e-96ae-4b8b-87ab-11c602a0b347_2-300x200.png 300w, https:\/\/tipptopppuhastus.ee\/test16\/wp-content\/uploads\/2025\/10\/u5287494719_house_cleaning_realistic_-ar_32_-raw_-stylize__9d168d5e-96ae-4b8b-87ab-11c602a0b347_2-768x512.png 768w, https:\/\/tipptopppuhastus.ee\/test16\/wp-content\/uploads\/2025\/10\/u5287494719_house_cleaning_realistic_-ar_32_-raw_-stylize__9d168d5e-96ae-4b8b-87ab-11c602a0b347_2.png 1344w\" sizes=\"(max-width: 1024px) 100vw, 1024px\" \/>\t\t\t\t\t\t\t\t\t\t\t\t\t\t\t<\/div>\n\t\t\t\t<\/div>\n\t\t<div class=\"elementor-element elementor-element-b5c4096 e-con-full e-flex e-con e-child\" data-id=\"b5c4096\" data-element_type=\"container\" data-e-type=\"container\">\n\t\t\t\t<div class=\"elementor-element elementor-element-efafb2b elementor-widget elementor-widget-text-editor\" data-id=\"efafb2b\" data-element_type=\"widget\" data-e-type=\"widget\" data-widget_type=\"text-editor.default\">\n\t\t\t\t\t\t\t\t\t<h2>\u00dcldpuhastus<\/h2>\t\t\t\t\t\t\t\t<\/div>\n\t\t\t\t<div class=\"elementor-element elementor-element-8898d3a elementor-align-center elementor-widget elementor-widget-button\" data-id=\"8898d3a\" data-element_type=\"widget\" data-e-type=\"widget\" data-widget_type=\"button.default\">\n\t\t\t\t\t\t\t\t\t\t<a class=\"elementor-button elementor-button-link elementor-size-sm\" href=\"https:\/\/tipptopppuhastus.ee\/test16\/test16\/test\/uldpuhastus\/\">\n\t\t\t\t\t\t<span class=\"elementor-button-content-wrapper\">\n\t\t\t\t\t\t\t\t\t<span class=\"elementor-button-text\">Loe edasi<\/span>\n\t\t\t\t\t<\/span>\n\t\t\t\t\t<\/a>\n\t\t\t\t\t\t\t\t<\/div>\n\t\t\t\t<\/div>\n\t\t\t\t\t<\/div>\n\t\t\t\t<\/div>\n\t\t\t\t<\/div>\n\t\t","protected":false},"excerpt":{"rendered":"<p>M\u00f6\u00f6bli puhastus Loe edasi Vaipade puhastus Loe edasi \u00dcldpuhastus Loe edasi<\/p>\n","protected":false},"author":1,"featured_media":0,"parent":0,"menu_order":0,"comment_status":"closed","ping_status":"closed","template":"","meta":{"site-sidebar-layout":"no-sidebar","site-content-layout":"","ast-site-content-layout":"full-width-container","site-content-style":"default","site-sidebar-style":"default","ast-global-header-display":"","ast-banner-title-visibility":"","ast-main-header-display":"","ast-hfb-above-header-display":"","ast-hfb-below-header-display":"","ast-hfb-mobile-header-display":"","site-post-title":"disabled","ast-breadcrumbs-content":"","ast-featured-img":"disabled","footer-sml-layout":"","ast-disable-related-posts":"","theme-transparent-header-meta":"","adv-header-id-meta":"","stick-header-meta":"","header-above-stick-meta":"","header-main-stick-meta":"","header-below-stick-meta":"","astra-migrate-meta-layouts":"default","ast-page-background-enabled":"default","ast-page-background-meta":{"desktop":{"background-color":"var(--ast-global-color-5)","background-image":"","background-repeat":"repeat","background-position":"center center","background-size":"auto","background-attachment":"scroll","background-type":"","background-media":"","overlay-type":"","overlay-color":"","overlay-opacity":"","overlay-gradient":""},"tablet":{"background-color":"","background-image":"","background-repeat":"repeat","background-position":"center center","background-size":"auto","background-attachment":"scroll","background-type":"","background-media":"","overlay-type":"","overlay-color":"","overlay-opacity":"","overlay-gradient":""},"mobile":{"background-color":"","background-image":"","background-repeat":"repeat","background-position":"center center","background-size":"auto","background-attachment":"scroll","background-type":"","background-media":"","overlay-type":"","overlay-color":"","overlay-opacity":"","overlay-gradient":""}},"ast-content-background-meta":{"desktop":{"background-color":"var(--ast-global-color-4)","background-image":"","background-repeat":"repeat","background-position":"center center","background-size":"auto","background-attachment":"scroll","background-type":"","background-media":"","overlay-type":"","overlay-color":"","overlay-opacity":"","overlay-gradient":""},"tablet":{"background-color":"var(--ast-global-color-4)","background-image":"","background-repeat":"repeat","background-position":"center center","background-size":"auto","background-attachment":"scroll","background-type":"","background-media":"","overlay-type":"","overlay-color":"","overlay-opacity":"","overlay-gradient":""},"mobile":{"background-color":"var(--ast-global-color-4)","background-image":"","background-repeat":"repeat","background-position":"center center","background-size":"auto","background-attachment":"scroll","background-type":"","background-media":"","overlay-type":"","overlay-color":"","overlay-opacity":"","overlay-gradient":""}},"footnotes":""},"class_list":["post-253","page","type-page","status-publish","hentry"],"aioseo_notices":[],"jetpack_sharing_enabled":true,"_links":{"self":[{"href":"https:\/\/tipptopppuhastus.ee\/test16\/wp-json\/wp\/v2\/pages\/253","targetHints":{"allow":["GET"]}}],"collection":[{"href":"https:\/\/tipptopppuhastus.ee\/test16\/wp-json\/wp\/v2\/pages"}],"about":[{"href":"https:\/\/tipptopppuhastus.ee\/test16\/wp-json\/wp\/v2\/types\/page"}],"author":[{"embeddable":true,"href":"https:\/\/tipptopppuhastus.ee\/test16\/wp-json\/wp\/v2\/users\/1"}],"replies":[{"embeddable":true,"href":"https:\/\/tipptopppuhastus.ee\/test16\/wp-json\/wp\/v2\/comments?post=253"}],"version-history":[{"count":45,"href":"https:\/\/tipptopppuhastus.ee\/test16\/wp-json\/wp\/v2\/pages\/253\/revisions"}],"predecessor-version":[{"id":638,"href":"https:\/\/tipptopppuhastus.ee\/test16\/wp-json\/wp\/v2\/pages\/253\/revisions\/638"}],"wp:attachment":[{"href":"https:\/\/tipptopppuhastus.ee\/test16\/wp-json\/wp\/v2\/media?parent=253"}],"curies":[{"name":"wp","href":"https:\/\/api.w.org\/{rel}","templated":true}]}}