{"id":115,"date":"2025-09-03T16:37:41","date_gmt":"2025-09-03T13:37:41","guid":{"rendered":"https:\/\/tipptopppuhastus.ee\/test16\/%d1%86%d0%b5%d0%bd%d1%8b\/"},"modified":"2025-10-26T13:53:27","modified_gmt":"2025-10-26T10:53:27","slug":"hinnad","status":"publish","type":"page","link":"https:\/\/tipptopppuhastus.ee\/test16\/hinnad\/","title":{"rendered":"Hinnad"},"content":{"rendered":"\t\t<div data-elementor-type=\"wp-page\" data-elementor-id=\"115\" class=\"elementor elementor-115\">\n\t\t\t\t<div class=\"elementor-element elementor-element-6f6a632 e-flex e-con-boxed e-con e-parent\" data-id=\"6f6a632\" data-element_type=\"container\" data-e-type=\"container\">\n\t\t\t\t\t<div class=\"e-con-inner\">\n\t\t<div class=\"elementor-element elementor-element-1a6ac29 e-con-full e-flex e-con e-child\" data-id=\"1a6ac29\" data-element_type=\"container\" data-e-type=\"container\">\n\t\t\t\t<div class=\"elementor-element elementor-element-aee102b elementor-widget elementor-widget-text-editor\" data-id=\"aee102b\" data-element_type=\"widget\" data-e-type=\"widget\" data-widget_type=\"text-editor.default\">\n\t\t\t\t\t\t\t\t\t<p>\u00a0<\/p><h2>\ud83e\uddfe <strong>Teenuste hinnakiri<\/strong><\/h2><p>T\u00e4pse hinnapakkumise saamiseks v\u00f5tke meiega \u00fchendust \u2014 vastame esimesel v\u00f5imalusel!<\/p><h3>\ud83e\uddf9 <strong>Puhastus- ja koristusteenused<\/strong><\/h3><table><thead><tr><th>Teenus<\/th><th>Hind alates<\/th><\/tr><\/thead><tbody><tr><td>Hoolduskoristus<\/td><td>Al. 25 \u20ac \/ koristustund<\/td><\/tr><tr><td>Ehitus- ja remondij\u00e4rgne koristus<\/td><td>Al. 2 \u20ac \/ m\u00b2<\/td><\/tr><tr><td>Akende pesemine<\/td><td>Al. 1 \u20ac \/ m\u00b2<\/td><\/tr><tr><td>Vaipkatete keemiline puhastus<\/td><td>Al. 1 \u20ac \/ m\u00b2<\/td><\/tr><tr><td>Koduvaipade keemiline puhastus<\/td><td>Al. 10 \u20ac \/ m\u00b2<\/td><\/tr><tr><td>Pehme m\u00f6\u00f6bli keemiline puhastus<\/td><td>Al. 20 \u20ac \/ istekoht<\/td><\/tr><tr><td>Kontoritoolide keemiline puhastus<\/td><td>Al. 10 \u20ac \/ istekoht<\/td><\/tr><tr><td>Madratsite keemiline puhastus<\/td><td>Al. 60 \u20ac \/ m\u00b2<\/td><\/tr><tr><td>PVC p\u00f5randa pesu ja kaitsevahatamine<\/td><td>Al. 2 \u20ac \/ m\u00b2<\/td><\/tr><tr><td>\ud83d\udca8 Kiirkuivati kasutamine (kiire kuivamine)<\/td><td>Al.25 \u20ac \/ tund<\/td><\/tr><\/tbody><\/table>\t\t\t\t\t\t\t\t<\/div>\n\t\t\t\t<\/div>\n\t\t<div class=\"elementor-element elementor-element-2c45b2b e-con-full e-flex e-con e-child\" data-id=\"2c45b2b\" data-element_type=\"container\" data-e-type=\"container\">\n\t\t\t\t<div class=\"elementor-element elementor-element-b16a57f elementor-widget elementor-widget-text-editor\" data-id=\"b16a57f\" data-element_type=\"widget\" data-e-type=\"widget\" data-widget_type=\"text-editor.default\">\n\t\t\t\t\t\t\t\t\t<p>\u00a0<\/p><h2>\ud83d\udcb0 Hinnainfo<\/h2><ul><li><p><strong>Miinimumarve:<\/strong> 60 \u20ac<\/p><\/li><li><p><strong>Kohaletulek Tallinnas:<\/strong> tasuta<\/p><\/li><li><p><strong>V\u00e4ljaspool Tallinna:<\/strong> lisandub 0,65 \u20ac \/ km<\/p><\/li><\/ul><h2>\ud83d\udd52 T\u00f6\u00f6graafik<\/h2><ul><li><p>T\u00f6\u00f6tame <strong>\u00f6\u00f6p\u00e4evaringselt<\/strong> \u2013 24\/7<\/p><\/li><li><p><strong>7 p\u00e4eva n\u00e4dalas<\/strong>, sh riiklikud p\u00fchad ja n\u00e4dalavahetused<\/p><\/li><li><p>Riiklikel p\u00fchadel ja n\u00e4dalavahetustel lisandub hinnale <strong>50%<\/strong><\/p><\/li><\/ul><h2>\ud83d\udcdd T\u00e4iendav info<\/h2><ul><li><p>Hindale lisandub<strong> k\u00e4ibemaksu<\/strong>.<\/p><\/li><li><p>Teenuse hind s\u00f5ltub t\u00f6\u00f6 iseloomust ja asukohast.<\/p><\/li><\/ul>\t\t\t\t\t\t\t\t<\/div>\n\t\t\t\t<\/div>\n\t\t\t\t\t<\/div>\n\t\t\t\t<\/div>\n\t\t<div class=\"elementor-element elementor-element-4646a54e e-flex e-con-boxed e-con e-parent\" data-id=\"4646a54e\" data-element_type=\"container\" data-e-type=\"container\">\n\t\t\t\t\t<div class=\"e-con-inner\">\n\t\t<div class=\"elementor-element elementor-element-76ebe76a e-con-full e-flex e-con e-child\" data-id=\"76ebe76a\" data-element_type=\"container\" data-e-type=\"container\">\n\t\t\t\t<div class=\"elementor-element elementor-element-721057bf elementor-widget elementor-widget-image\" data-id=\"721057bf\" data-element_type=\"widget\" data-e-type=\"widget\" data-widget_type=\"image.default\">\n\t\t\t\t\t\t\t\t\t\t\t\t\t\t\t<img fetchpriority=\"high\" decoding=\"async\" width=\"1024\" height=\"683\" src=\"https:\/\/tipptopppuhastus.ee\/test16\/wp-content\/uploads\/2025\/10\/u5287494719_house_cleaning_-chaos_10_-ar_32_-raw_-stylize_b9142c43-c452-40cc-8ae0-d334960b2ee9_3-1024x683.png\" class=\"attachment-large size-large wp-image-286\" alt=\"\" srcset=\"https:\/\/tipptopppuhastus.ee\/test16\/wp-content\/uploads\/2025\/10\/u5287494719_house_cleaning_-chaos_10_-ar_32_-raw_-stylize_b9142c43-c452-40cc-8ae0-d334960b2ee9_3-1024x683.png 1024w, https:\/\/tipptopppuhastus.ee\/test16\/wp-content\/uploads\/2025\/10\/u5287494719_house_cleaning_-chaos_10_-ar_32_-raw_-stylize_b9142c43-c452-40cc-8ae0-d334960b2ee9_3-300x200.png 300w, https:\/\/tipptopppuhastus.ee\/test16\/wp-content\/uploads\/2025\/10\/u5287494719_house_cleaning_-chaos_10_-ar_32_-raw_-stylize_b9142c43-c452-40cc-8ae0-d334960b2ee9_3-768x512.png 768w, https:\/\/tipptopppuhastus.ee\/test16\/wp-content\/uploads\/2025\/10\/u5287494719_house_cleaning_-chaos_10_-ar_32_-raw_-stylize_b9142c43-c452-40cc-8ae0-d334960b2ee9_3.png 1344w\" sizes=\"(max-width: 1024px) 100vw, 1024px\" \/>\t\t\t\t\t\t\t\t\t\t\t\t\t\t\t<\/div>\n\t\t\t\t<\/div>\n\t\t<div class=\"elementor-element elementor-element-583d6caf e-con-full e-flex e-con e-child\" data-id=\"583d6caf\" data-element_type=\"container\" data-e-type=\"container\">\n\t\t\t\t<div class=\"elementor-element elementor-element-6bb9bc89 elementor-widget elementor-widget-heading\" data-id=\"6bb9bc89\" data-element_type=\"widget\" data-e-type=\"widget\" data-widget_type=\"heading.default\">\n\t\t\t\t\t<h2 class=\"elementor-heading-title elementor-size-default\">Broneerige puhastusteenus professionaalidega juba t\u00e4na.<\/h2>\t\t\t\t<\/div>\n\t\t\t\t<div class=\"elementor-element elementor-element-6c74875 elementor-widget elementor-widget-text-editor\" data-id=\"6c74875\" data-element_type=\"widget\" data-e-type=\"widget\" data-widget_type=\"text-editor.default\">\n\t\t\t\t\t\t\t\t\t<p>Avastage laitmatu puhtuse ja mugavuse eelised Tipp-Topp Puhastus.<\/p>\t\t\t\t\t\t\t\t<\/div>\n\t\t\t\t<div class=\"elementor-element elementor-element-5b4d78a9 elementor-align-center elementor-widget elementor-widget-button\" data-id=\"5b4d78a9\" data-element_type=\"widget\" data-e-type=\"widget\" data-widget_type=\"button.default\">\n\t\t\t\t\t\t\t\t\t\t<a class=\"elementor-button elementor-button-link elementor-size-sm\" href=\"https:\/\/tipptopppuhastus.ee\/test16\/test16\/test\/kontakt\/\" target=\"_blank\">\n\t\t\t\t\t\t<span class=\"elementor-button-content-wrapper\">\n\t\t\t\t\t\t\t\t\t<span class=\"elementor-button-text\">Telli n\u00fc\u00fcd<\/span>\n\t\t\t\t\t<\/span>\n\t\t\t\t\t<\/a>\n\t\t\t\t\t\t\t\t<\/div>\n\t\t\t\t<\/div>\n\t\t\t\t\t<\/div>\n\t\t\t\t<\/div>\n\t\t\t\t<\/div>\n\t\t","protected":false},"excerpt":{"rendered":"<p>\u00a0 \ud83e\uddfe Teenuste hinnakiri T\u00e4pse hinnapakkumise saamiseks v\u00f5tke meiega \u00fchendust \u2014 vastame esimesel v\u00f5imalusel! \ud83e\uddf9 Puhastus- ja koristusteenused Teenus Hind [&hellip;]<\/p>\n","protected":false},"author":1,"featured_media":0,"parent":0,"menu_order":0,"comment_status":"closed","ping_status":"closed","template":"","meta":{"site-sidebar-layout":"default","site-content-layout":"","ast-site-content-layout":"default","site-content-style":"default","site-sidebar-style":"default","ast-global-header-display":"","ast-banner-title-visibility":"","ast-main-header-display":"","ast-hfb-above-header-display":"","ast-hfb-below-header-display":"","ast-hfb-mobile-header-display":"","site-post-title":"disabled","ast-breadcrumbs-content":"","ast-featured-img":"","footer-sml-layout":"","ast-disable-related-posts":"","theme-transparent-header-meta":"","adv-header-id-meta":"","stick-header-meta":"","header-above-stick-meta":"","header-main-stick-meta":"","header-below-stick-meta":"","astra-migrate-meta-layouts":"default","ast-page-background-enabled":"default","ast-page-background-meta":{"desktop":{"background-color":"var(--ast-global-color-5)","background-image":"","background-repeat":"repeat","background-position":"center center","background-size":"auto","background-attachment":"scroll","background-type":"","background-media":"","overlay-type":"","overlay-color":"","overlay-opacity":"","overlay-gradient":""},"tablet":{"background-color":"","background-image":"","background-repeat":"repeat","background-position":"center center","background-size":"auto","background-attachment":"scroll","background-type":"","background-media":"","overlay-type":"","overlay-color":"","overlay-opacity":"","overlay-gradient":""},"mobile":{"background-color":"","background-image":"","background-repeat":"repeat","background-position":"center center","background-size":"auto","background-attachment":"scroll","background-type":"","background-media":"","overlay-type":"","overlay-color":"","overlay-opacity":"","overlay-gradient":""}},"ast-content-background-meta":{"desktop":{"background-color":"var(--ast-global-color-4)","background-image":"","background-repeat":"repeat","background-position":"center center","background-size":"auto","background-attachment":"scroll","background-type":"","background-media":"","overlay-type":"","overlay-color":"","overlay-opacity":"","overlay-gradient":""},"tablet":{"background-color":"var(--ast-global-color-4)","background-image":"","background-repeat":"repeat","background-position":"center center","background-size":"auto","background-attachment":"scroll","background-type":"","background-media":"","overlay-type":"","overlay-color":"","overlay-opacity":"","overlay-gradient":""},"mobile":{"background-color":"var(--ast-global-color-4)","background-image":"","background-repeat":"repeat","background-position":"center center","background-size":"auto","background-attachment":"scroll","background-type":"","background-media":"","overlay-type":"","overlay-color":"","overlay-opacity":"","overlay-gradient":""}},"footnotes":""},"class_list":["post-115","page","type-page","status-publish","hentry"],"aioseo_notices":[],"jetpack_sharing_enabled":true,"_links":{"self":[{"href":"https:\/\/tipptopppuhastus.ee\/test16\/wp-json\/wp\/v2\/pages\/115","targetHints":{"allow":["GET"]}}],"collection":[{"href":"https:\/\/tipptopppuhastus.ee\/test16\/wp-json\/wp\/v2\/pages"}],"about":[{"href":"https:\/\/tipptopppuhastus.ee\/test16\/wp-json\/wp\/v2\/types\/page"}],"author":[{"embeddable":true,"href":"https:\/\/tipptopppuhastus.ee\/test16\/wp-json\/wp\/v2\/users\/1"}],"replies":[{"embeddable":true,"href":"https:\/\/tipptopppuhastus.ee\/test16\/wp-json\/wp\/v2\/comments?post=115"}],"version-history":[{"count":62,"href":"https:\/\/tipptopppuhastus.ee\/test16\/wp-json\/wp\/v2\/pages\/115\/revisions"}],"predecessor-version":[{"id":688,"href":"https:\/\/tipptopppuhastus.ee\/test16\/wp-json\/wp\/v2\/pages\/115\/revisions\/688"}],"wp:attachment":[{"href":"https:\/\/tipptopppuhastus.ee\/test16\/wp-json\/wp\/v2\/media?parent=115"}],"curies":[{"name":"wp","href":"https:\/\/api.w.org\/{rel}","templated":true}]}}